{"id":93,"date":"2018-11-15T11:01:38","date_gmt":"2018-11-15T11:01:38","guid":{"rendered":"http:\/\/fact-services.jewellars.com\/home\/"},"modified":"2025-07-31T08:10:16","modified_gmt":"2025-07-31T14:10:16","slug":"home","status":"publish","type":"page","link":"https:\/\/allaccountinglab.com\/fr\/","title":{"rendered":"\u00c0 propos de <strong class=\"primary\">Nous<\/strong>"},"content":{"rendered":"<p><strong class=\"primary\">ALL Accounting Lab<\/strong> travaille avec les clients dans tous les aspects de la comptabilit\u00e9 de leur petite entreprise ou de leur portefeuille personnel. Le cabinet fait preuve de m\u00e9thode et de diligence pour r\u00e9pondre aux besoins imminents des clients et fait preuve de pr\u00e9vision dans la planification de toute incidence fiscale ou autre r\u00e9percussion financi\u00e8re \u00e0 venir. Nous veillons \u00e0 ce que leurs solutions soient adapt\u00e9es au mod\u00e8le d&rsquo;affaires ou aux objectifs personnels uniques de leurs clients. Merci!<\/p>\n<p style=\"text-align: center;\"><a id=\"\" title=\"\" href=\"http:\/\/allaccountinglab.com\/fr\/contact-us\/\" data=\"\" target=\"_self\" class=\"button axebutton \">Contactez nous<\/a><\/p>\n","protected":false},"excerpt":{"rendered":"<p>travaille avec les clients dans tous les aspects de la comptabilit\u00e9 de leur petite entreprise ou de leur portefeuille personnel. &hellip; <a href=\"https:\/\/allaccountinglab.com\/fr\/\" class=\"themeaxe_readmore\">Read More <span class=\"meta-nav\">&rarr;<\/span><\/a><\/p>\n","protected":false},"author":1,"featured_media":0,"parent":0,"menu_order":0,"comment_status":"closed","ping_status":"closed","template":"","meta":{"footnotes":""},"class_list":["post-93","page","type-page","status-publish","hentry"],"_links":{"self":[{"href":"https:\/\/allaccountinglab.com\/fr\/wp-json\/wp\/v2\/pages\/93","targetHints":{"allow":["GET"]}}],"collection":[{"href":"https:\/\/allaccountinglab.com\/fr\/wp-json\/wp\/v2\/pages"}],"about":[{"href":"https:\/\/allaccountinglab.com\/fr\/wp-json\/wp\/v2\/types\/page"}],"author":[{"embeddable":true,"href":"https:\/\/allaccountinglab.com\/fr\/wp-json\/wp\/v2\/users\/1"}],"replies":[{"embeddable":true,"href":"https:\/\/allaccountinglab.com\/fr\/wp-json\/wp\/v2\/comments?post=93"}],"version-history":[{"count":11,"href":"https:\/\/allaccountinglab.com\/fr\/wp-json\/wp\/v2\/pages\/93\/revisions"}],"predecessor-version":[{"id":303,"href":"https:\/\/allaccountinglab.com\/fr\/wp-json\/wp\/v2\/pages\/93\/revisions\/303"}],"wp:attachment":[{"href":"https:\/\/allaccountinglab.com\/fr\/wp-json\/wp\/v2\/media?parent=93"}],"curies":[{"name":"wp","href":"https:\/\/api.w.org\/{rel}","templated":true}]}}