{"id":95,"date":"2018-11-19T09:55:07","date_gmt":"2018-11-19T09:55:07","guid":{"rendered":"http:\/\/fact-services.jewellars.com\/about-us\/"},"modified":"2025-07-31T08:11:36","modified_gmt":"2025-07-31T14:11:36","slug":"about-us","status":"publish","type":"page","link":"https:\/\/allaccountinglab.com\/fr\/about-us\/","title":{"rendered":"\u00c0 propos de Nous"},"content":{"rendered":"<p>Vous \u00eates l&rsquo;expert dans votre domaine, nous sommes l&rsquo;expert dans le n\u00f4tre. R\u00e9cup\u00e9rez du temps pour vous afin de faire cro\u00eetre votre organisation et passer plus de temps avec votre famille.<\/p>\n<p><strong class=\"primary\">ALL Accounting Lab<\/strong> se concentre sur l&rsquo;offre d&rsquo;une gamme compl\u00e8te de services de comptabilit\u00e9 et de fiscalit\u00e9, allant des conseils fiscaux g\u00e9n\u00e9raux \u00e0 la planification fiscale d\u00e9taill\u00e9e et bien plus encore. Nous sommes fiers de travailler en partenariat avec vous pour minimiser vos imp\u00f4ts et vous aider \u00e0 atteindre vos objectifs gr\u00e2ce \u00e0 notre approche proactive et notre service coh\u00e9rent.<\/p>\n<p>L&rsquo;objectif de <strong class=\"primary\">ALL Accounting Lab<\/strong> est de fournir \u00e0 chaque client l&rsquo;attention personnelle dont il a besoin et qu&rsquo;il m\u00e9rite.<\/p>\n<p>Votre SUCC\u00c8S est notre SUCC\u00c8S !<\/p>\n","protected":false},"excerpt":{"rendered":"<p>Vous \u00eates l&rsquo;expert dans votre domaine, nous sommes l&rsquo;expert dans le n\u00f4tre. R\u00e9cup\u00e9rez du temps pour vous afin de faire &hellip; <a href=\"https:\/\/allaccountinglab.com\/fr\/about-us\/\" class=\"themeaxe_readmore\">Read More <span class=\"meta-nav\">&rarr;<\/span><\/a><\/p>\n","protected":false},"author":1,"featured_media":0,"parent":0,"menu_order":0,"comment_status":"closed","ping_status":"closed","template":"","meta":{"footnotes":""},"class_list":["post-95","page","type-page","status-publish","hentry"],"_links":{"self":[{"href":"https:\/\/allaccountinglab.com\/fr\/wp-json\/wp\/v2\/pages\/95","targetHints":{"allow":["GET"]}}],"collection":[{"href":"https:\/\/allaccountinglab.com\/fr\/wp-json\/wp\/v2\/pages"}],"about":[{"href":"https:\/\/allaccountinglab.com\/fr\/wp-json\/wp\/v2\/types\/page"}],"author":[{"embeddable":true,"href":"https:\/\/allaccountinglab.com\/fr\/wp-json\/wp\/v2\/users\/1"}],"replies":[{"embeddable":true,"href":"https:\/\/allaccountinglab.com\/fr\/wp-json\/wp\/v2\/comments?post=95"}],"version-history":[{"count":5,"href":"https:\/\/allaccountinglab.com\/fr\/wp-json\/wp\/v2\/pages\/95\/revisions"}],"predecessor-version":[{"id":304,"href":"https:\/\/allaccountinglab.com\/fr\/wp-json\/wp\/v2\/pages\/95\/revisions\/304"}],"wp:attachment":[{"href":"https:\/\/allaccountinglab.com\/fr\/wp-json\/wp\/v2\/media?parent=95"}],"curies":[{"name":"wp","href":"https:\/\/api.w.org\/{rel}","templated":true}]}}